{"id":126,"date":"2018-09-17T20:58:01","date_gmt":"2018-09-17T23:58:01","guid":{"rendered":"http:\/\/142.93.21.51\/?page_id=126"},"modified":"2018-09-17T20:58:01","modified_gmt":"2018-09-17T23:58:01","slug":"quickbird","status":"publish","type":"page","link":"https:\/\/geoadmin.com.br\/?page_id=126","title":{"rendered":"QuickBird"},"content":{"rendered":"\n<p>O\nsat\u00e9lite QuickBird foi lan\u00e7ado no ano de 2001 e recolhe imagens\npancrom\u00e1ticas de 60 cent\u00edmetros de resolu\u00e7\u00e3o espacial e imagens\nmultiespectrais de 2,16 metros de resolu\u00e7\u00e3o espacial. Devido a sua\nalta resolu\u00e7\u00e3o, as imagens da QuickBird possuem aplica\u00e7\u00f5es na\n\u00e1rea de mapeamentos urbanos e rurais, bem como aplica\u00e7\u00f5es voltadas\n\u00e0 \u00e1rea ambiental. \n<\/p>\n\n\n\n<p>O\nQuickBird operava a uma altitude de 400 km, mas antes de ser\ndesligado em 2015, o sat\u00e9lite decaiu para aproximadamente 300 km,\nresultando em uma imagem com resolu\u00e7\u00e3o espacial de 41 cent\u00edmetros.<\/p>\n","protected":false},"excerpt":{"rendered":"<p>O sat\u00e9lite QuickBird foi lan\u00e7ado no ano de 2001 e recolhe imagens pancrom\u00e1ticas de 60 cent\u00edmetros de resolu\u00e7\u00e3o espacial e imagens multiespectrais de 2,16 metros de resolu\u00e7\u00e3o espacial. Devido a sua alta resolu\u00e7\u00e3o, as imagens da QuickBird possuem aplica\u00e7\u00f5es na \u00e1rea de mapeamentos urbanos e rurais, bem como aplica\u00e7\u00f5es voltadas \u00e0 \u00e1rea ambiental. O QuickBird &hellip; <\/p>\n<p class=\"link-more\"><a href=\"https:\/\/geoadmin.com.br\/?page_id=126\" class=\"more-link\">Leia mais<span class=\"screen-reader-text\"> &#8220;QuickBird&#8221;<\/span><\/a><\/p>\n","protected":false},"author":3,"featured_media":0,"parent":107,"menu_order":0,"comment_status":"closed","ping_status":"closed","template":"","meta":{"footnotes":""},"jetpack_sharing_enabled":true,"_links":{"self":[{"href":"https:\/\/geoadmin.com.br\/index.php?rest_route=\/wp\/v2\/pages\/126"}],"collection":[{"href":"https:\/\/geoadmin.com.br\/index.php?rest_route=\/wp\/v2\/pages"}],"about":[{"href":"https:\/\/geoadmin.com.br\/index.php?rest_route=\/wp\/v2\/types\/page"}],"author":[{"embeddable":true,"href":"https:\/\/geoadmin.com.br\/index.php?rest_route=\/wp\/v2\/users\/3"}],"replies":[{"embeddable":true,"href":"https:\/\/geoadmin.com.br\/index.php?rest_route=%2Fwp%2Fv2%2Fcomments&post=126"}],"version-history":[{"count":1,"href":"https:\/\/geoadmin.com.br\/index.php?rest_route=\/wp\/v2\/pages\/126\/revisions"}],"predecessor-version":[{"id":127,"href":"https:\/\/geoadmin.com.br\/index.php?rest_route=\/wp\/v2\/pages\/126\/revisions\/127"}],"up":[{"embeddable":true,"href":"https:\/\/geoadmin.com.br\/index.php?rest_route=\/wp\/v2\/pages\/107"}],"wp:attachment":[{"href":"https:\/\/geoadmin.com.br\/index.php?rest_route=%2Fwp%2Fv2%2Fmedia&parent=126"}],"curies":[{"name":"wp","href":"https:\/\/api.w.org\/{rel}","templated":true}]}}